{"id":16901,"date":"2021-03-25T21:43:54","date_gmt":"2021-03-26T00:43:54","guid":{"rendered":"https:\/\/www.bahiavik.com\/restaurantes\/"},"modified":"2021-06-11T03:58:52","modified_gmt":"2021-06-11T06:58:52","slug":"restaurantes","status":"publish","type":"page","link":"https:\/\/bahia.vik.internacional.want.cl\/pt-br\/restaurantes\/","title":{"rendered":"Restaurantes"},"content":{"rendered":"","protected":false},"excerpt":{"rendered":"","protected":false},"author":1,"featured_media":19547,"parent":0,"menu_order":0,"comment_status":"closed","ping_status":"closed","template":"template-restaurantes.php","meta":{"footnotes":""},"class_list":["post-16901","page","type-page","status-publish","has-post-thumbnail","hentry"],"yoast_head":"<!-- This site is optimized with the Yoast SEO plugin v24.5 - https:\/\/yoast.com\/wordpress\/plugins\/seo\/ -->\n<title>Restaurantes<\/title>\n<meta name=\"description\" content=\"Te invitamos a descubrir una vi\u00f1a \u00fanica, en un parque privado de m\u00e1s de 4.500 hect\u00e1reas donde podr\u00e1s hacer diversas actividades.\u00a0 Reserva nuestras actividades on line\" \/>\n<meta name=\"robots\" content=\"index, follow, max-snippet:-1, max-image-preview:large, max-video-preview:-1\" \/>\n<link rel=\"canonical\" href=\"https:\/\/bahia.vik.internacional.want.cl\/restaurantes\/\" \/>\n<meta property=\"og:locale\" content=\"pt_BR\" \/>\n<meta property=\"og:type\" content=\"article\" \/>\n<meta property=\"og:title\" content=\"Restaurantes\" \/>\n<meta property=\"og:description\" content=\"Te invitamos a descubrir una vi\u00f1a \u00fanica, en un parque privado de m\u00e1s de 4.500 hect\u00e1reas donde podr\u00e1s hacer diversas actividades.\u00a0 Reserva nuestras actividades on line\" \/>\n<meta property=\"og:url\" content=\"https:\/\/bahia.vik.internacional.want.cl\/restaurantes\/\" \/>\n<meta property=\"og:site_name\" content=\"Bahia Vik\" \/>\n<meta property=\"article:modified_time\" content=\"2021-06-11T06:58:52+00:00\" \/>\n<meta property=\"og:image\" content=\"https:\/\/bahia.vik.internacional.want.cl\/wp-content\/uploads\/2022\/03\/Zodiaco.jpg\" \/>\n\t<meta property=\"og:image:width\" content=\"1200\" \/>\n\t<meta property=\"og:image:height\" content=\"800\" \/>\n\t<meta property=\"og:image:type\" content=\"image\/jpeg\" \/>\n<meta name=\"twitter:card\" content=\"summary_large_image\" \/>\n<script type=\"application\/ld+json\" class=\"yoast-schema-graph\">{\"@context\":\"https:\/\/schema.org\",\"@graph\":[{\"@type\":\"WebPage\",\"@id\":\"https:\/\/bahia.vik.internacional.want.cl\/restaurantes\/\",\"url\":\"https:\/\/bahia.vik.internacional.want.cl\/restaurantes\/\",\"name\":\"Restaurantes\",\"isPartOf\":{\"@id\":\"https:\/\/bahia.vik.internacional.want.cl\/#website\"},\"primaryImageOfPage\":{\"@id\":\"https:\/\/bahia.vik.internacional.want.cl\/restaurantes\/#primaryimage\"},\"image\":{\"@id\":\"https:\/\/bahia.vik.internacional.want.cl\/restaurantes\/#primaryimage\"},\"thumbnailUrl\":\"https:\/\/bahia.vik.internacional.want.cl\/wp-content\/uploads\/2022\/03\/Zodiaco.jpg\",\"datePublished\":\"2021-03-26T00:43:54+00:00\",\"dateModified\":\"2021-06-11T06:58:52+00:00\",\"description\":\"Te invitamos a descubrir una vi\u00f1a \u00fanica, en un parque privado de m\u00e1s de 4.500 hect\u00e1reas donde podr\u00e1s hacer diversas actividades.\u00a0 Reserva nuestras actividades on line\",\"breadcrumb\":{\"@id\":\"https:\/\/bahia.vik.internacional.want.cl\/restaurantes\/#breadcrumb\"},\"inLanguage\":\"pt-BR\",\"potentialAction\":[{\"@type\":\"ReadAction\",\"target\":[\"https:\/\/bahia.vik.internacional.want.cl\/restaurantes\/\"]}]},{\"@type\":\"ImageObject\",\"inLanguage\":\"pt-BR\",\"@id\":\"https:\/\/bahia.vik.internacional.want.cl\/restaurantes\/#primaryimage\",\"url\":\"https:\/\/bahia.vik.internacional.want.cl\/wp-content\/uploads\/2022\/03\/Zodiaco.jpg\",\"contentUrl\":\"https:\/\/bahia.vik.internacional.want.cl\/wp-content\/uploads\/2022\/03\/Zodiaco.jpg\",\"width\":1200,\"height\":800},{\"@type\":\"BreadcrumbList\",\"@id\":\"https:\/\/bahia.vik.internacional.want.cl\/restaurantes\/#breadcrumb\",\"itemListElement\":[{\"@type\":\"ListItem\",\"position\":1,\"name\":\"Home\",\"item\":\"https:\/\/bahia.vik.internacional.want.cl\/\"},{\"@type\":\"ListItem\",\"position\":2,\"name\":\"Restaurantes\"}]},{\"@type\":\"WebSite\",\"@id\":\"https:\/\/bahia.vik.internacional.want.cl\/#website\",\"url\":\"https:\/\/bahia.vik.internacional.want.cl\/\",\"name\":\"Bahia Vik\",\"description\":\"\",\"potentialAction\":[{\"@type\":\"SearchAction\",\"target\":{\"@type\":\"EntryPoint\",\"urlTemplate\":\"https:\/\/bahia.vik.internacional.want.cl\/?s={search_term_string}\"},\"query-input\":{\"@type\":\"PropertyValueSpecification\",\"valueRequired\":true,\"valueName\":\"search_term_string\"}}],\"inLanguage\":\"pt-BR\"}]}<\/script>\n<!-- \/ Yoast SEO plugin. -->","yoast_head_json":{"title":"Restaurantes","description":"Te invitamos a descubrir una vi\u00f1a \u00fanica, en un parque privado de m\u00e1s de 4.500 hect\u00e1reas donde podr\u00e1s hacer diversas actividades.\u00a0 Reserva nuestras actividades on line","robots":{"index":"index","follow":"follow","max-snippet":"max-snippet:-1","max-image-preview":"max-image-preview:large","max-video-preview":"max-video-preview:-1"},"canonical":"https:\/\/bahia.vik.internacional.want.cl\/restaurantes\/","og_locale":"pt_BR","og_type":"article","og_title":"Restaurantes","og_description":"Te invitamos a descubrir una vi\u00f1a \u00fanica, en un parque privado de m\u00e1s de 4.500 hect\u00e1reas donde podr\u00e1s hacer diversas actividades.\u00a0 Reserva nuestras actividades on line","og_url":"https:\/\/bahia.vik.internacional.want.cl\/restaurantes\/","og_site_name":"Bahia Vik","article_modified_time":"2021-06-11T06:58:52+00:00","og_image":[{"width":1200,"height":800,"url":"https:\/\/bahia.vik.internacional.want.cl\/wp-content\/uploads\/2022\/03\/Zodiaco.jpg","type":"image\/jpeg"}],"twitter_card":"summary_large_image","schema":{"@context":"https:\/\/schema.org","@graph":[{"@type":"WebPage","@id":"https:\/\/bahia.vik.internacional.want.cl\/restaurantes\/","url":"https:\/\/bahia.vik.internacional.want.cl\/restaurantes\/","name":"Restaurantes","isPartOf":{"@id":"https:\/\/bahia.vik.internacional.want.cl\/#website"},"primaryImageOfPage":{"@id":"https:\/\/bahia.vik.internacional.want.cl\/restaurantes\/#primaryimage"},"image":{"@id":"https:\/\/bahia.vik.internacional.want.cl\/restaurantes\/#primaryimage"},"thumbnailUrl":"https:\/\/bahia.vik.internacional.want.cl\/wp-content\/uploads\/2022\/03\/Zodiaco.jpg","datePublished":"2021-03-26T00:43:54+00:00","dateModified":"2021-06-11T06:58:52+00:00","description":"Te invitamos a descubrir una vi\u00f1a \u00fanica, en un parque privado de m\u00e1s de 4.500 hect\u00e1reas donde podr\u00e1s hacer diversas actividades.\u00a0 Reserva nuestras actividades on line","breadcrumb":{"@id":"https:\/\/bahia.vik.internacional.want.cl\/restaurantes\/#breadcrumb"},"inLanguage":"pt-BR","potentialAction":[{"@type":"ReadAction","target":["https:\/\/bahia.vik.internacional.want.cl\/restaurantes\/"]}]},{"@type":"ImageObject","inLanguage":"pt-BR","@id":"https:\/\/bahia.vik.internacional.want.cl\/restaurantes\/#primaryimage","url":"https:\/\/bahia.vik.internacional.want.cl\/wp-content\/uploads\/2022\/03\/Zodiaco.jpg","contentUrl":"https:\/\/bahia.vik.internacional.want.cl\/wp-content\/uploads\/2022\/03\/Zodiaco.jpg","width":1200,"height":800},{"@type":"BreadcrumbList","@id":"https:\/\/bahia.vik.internacional.want.cl\/restaurantes\/#breadcrumb","itemListElement":[{"@type":"ListItem","position":1,"name":"Home","item":"https:\/\/bahia.vik.internacional.want.cl\/"},{"@type":"ListItem","position":2,"name":"Restaurantes"}]},{"@type":"WebSite","@id":"https:\/\/bahia.vik.internacional.want.cl\/#website","url":"https:\/\/bahia.vik.internacional.want.cl\/","name":"Bahia Vik","description":"","potentialAction":[{"@type":"SearchAction","target":{"@type":"EntryPoint","urlTemplate":"https:\/\/bahia.vik.internacional.want.cl\/?s={search_term_string}"},"query-input":{"@type":"PropertyValueSpecification","valueRequired":true,"valueName":"search_term_string"}}],"inLanguage":"pt-BR"}]}},"_links":{"self":[{"href":"https:\/\/bahia.vik.internacional.want.cl\/pt-br\/wp-json\/wp\/v2\/pages\/16901","targetHints":{"allow":["GET"]}}],"collection":[{"href":"https:\/\/bahia.vik.internacional.want.cl\/pt-br\/wp-json\/wp\/v2\/pages"}],"about":[{"href":"https:\/\/bahia.vik.internacional.want.cl\/pt-br\/wp-json\/wp\/v2\/types\/page"}],"author":[{"embeddable":true,"href":"https:\/\/bahia.vik.internacional.want.cl\/pt-br\/wp-json\/wp\/v2\/users\/1"}],"replies":[{"embeddable":true,"href":"https:\/\/bahia.vik.internacional.want.cl\/pt-br\/wp-json\/wp\/v2\/comments?post=16901"}],"version-history":[{"count":2,"href":"https:\/\/bahia.vik.internacional.want.cl\/pt-br\/wp-json\/wp\/v2\/pages\/16901\/revisions"}],"predecessor-version":[{"id":17869,"href":"https:\/\/bahia.vik.internacional.want.cl\/pt-br\/wp-json\/wp\/v2\/pages\/16901\/revisions\/17869"}],"wp:featuredmedia":[{"embeddable":true,"href":"https:\/\/bahia.vik.internacional.want.cl\/pt-br\/wp-json\/wp\/v2\/media\/19547"}],"wp:attachment":[{"href":"https:\/\/bahia.vik.internacional.want.cl\/pt-br\/wp-json\/wp\/v2\/media?parent=16901"}],"curies":[{"name":"wp","href":"https:\/\/api.w.org\/{rel}","templated":true}]}}